{"id":628,"date":"2025-10-16T09:40:34","date_gmt":"2025-10-16T07:40:34","guid":{"rendered":"https:\/\/passau.nightlines.eu\/?page_id=628"},"modified":"2025-10-16T10:15:54","modified_gmt":"2025-10-16T08:15:54","slug":"schulungs-team","status":"publish","type":"page","link":"https:\/\/passau.nightlines.eu\/en\/schulungs-team\/","title":{"rendered":"Training-Team"},"content":{"rendered":"<h2 class=\"wp-block-heading\"><strong>Training-Team<\/strong><\/h2>\n\n\n\n<div style=\"height:16px\" aria-hidden=\"true\" class=\"wp-block-spacer\"><\/div>\n\n\n\n<p>The <strong>Training-Team <\/strong>ensures that all <strong>new (and returning) Nightliners are well prepared <\/strong>. We <strong>organize and lead training sessions <\/strong>on topics such as <strong>communication skills, empathy, and self-care<\/strong>.<br>If you enjoy <strong>sharing knowledge, planning workshops, or contributing new training ideas,<\/strong> this is the right place for you. Help make our team<strong> strong and confident in communication skills<\/strong> !<\/p>\n\n\n\n<div style=\"height:16px\" aria-hidden=\"true\" class=\"wp-block-spacer\"><\/div>\n\n\n\n<hr class=\"wp-block-separator has-alpha-channel-opacity is-style-wide is-style-wide--1\"\/>\n\n\n\n<div style=\"height:16px\" aria-hidden=\"true\" class=\"wp-block-spacer\"><\/div>\n\n\n\n<p>You want to <strong><a href=\"https:\/\/passau.nightlines.eu\/en\/mitmachen\/\" data-type=\"page\" data-id=\"468\">join us <\/a><\/strong>and\/or have some <strong>questions?<\/strong><\/p>\n\n\n\n<div class=\"wp-block-group is-nowrap is-layout-flex wp-container-core-group-is-layout-12c3b6b2 wp-block-group-is-layout-flex\" style=\"padding-right:0;padding-left:0\">\n<div class=\"wp-block-group is-vertical is-layout-flex wp-container-core-group-is-layout-fe9cc265 wp-block-group-is-layout-flex\">\n<p>Write us an E-Mail at <strong><a href=\"mailto:passau@nightlines.eu\">passau@nightlines.eu<\/a><\/strong><\/p>\n\n\n\n<p>or reach out to us via <strong><a href=\"https:\/\/www.instagram.com\/nightlinepassau\/\">Instagram<\/a><\/strong>.<\/p>\n<\/div>\n\n\n\n<figure class=\"wp-block-image size-full is-resized\"><a href=\"https:\/\/www.instagram.com\/nightlinepassau\/\"><img loading=\"lazy\" decoding=\"async\" width=\"499\" height=\"499\" src=\"https:\/\/passau.nightlines.eu\/wp-content\/uploads\/2025\/06\/insta-removebg-preview1.png\" alt=\"\" class=\"wp-image-513\" style=\"width:133px;height:auto\" srcset=\"https:\/\/passau.nightlines.eu\/wp-content\/uploads\/2025\/06\/insta-removebg-preview1.png 499w, https:\/\/passau.nightlines.eu\/wp-content\/uploads\/2025\/06\/insta-removebg-preview1-300x300.png 300w, https:\/\/passau.nightlines.eu\/wp-content\/uploads\/2025\/06\/insta-removebg-preview1-150x150.png 150w\" sizes=\"auto, (max-width: 499px) 100vw, 499px\" \/><\/a><\/figure>\n<\/div>\n\n\n\n<div style=\"height:16px\" aria-hidden=\"true\" class=\"wp-block-spacer\"><\/div>","protected":false},"excerpt":{"rendered":"<p>Schlungs-Team Das Schulungsteam sorgt daf\u00fcr, dass alle neuen (und alten) Nightliner*innen gut vorbereitet sind. Wir organisieren und leiten Schulungen zu Themen wie Gespr\u00e4chsf\u00fchrung, Empathie oder Selbstf\u00fcrsorge.Wenn du Spa\u00df daran hast, Wissen weiterzugeben, Workshops zu planen oder neue Ideen f\u00fcr Schulungen einzubringen, bist du hier genau richtig. Hilf mit, unser Team stark und sicher in der [&hellip;]<\/p>","protected":false},"author":1,"featured_media":0,"parent":0,"menu_order":0,"comment_status":"closed","ping_status":"closed","template":"page-large-header","meta":{"footnotes":""},"class_list":["post-628","page","type-page","status-publish","hentry"],"_links":{"self":[{"href":"https:\/\/passau.nightlines.eu\/en\/wp-json\/wp\/v2\/pages\/628","targetHints":{"allow":["GET"]}}],"collection":[{"href":"https:\/\/passau.nightlines.eu\/en\/wp-json\/wp\/v2\/pages"}],"about":[{"href":"https:\/\/passau.nightlines.eu\/en\/wp-json\/wp\/v2\/types\/page"}],"author":[{"embeddable":true,"href":"https:\/\/passau.nightlines.eu\/en\/wp-json\/wp\/v2\/users\/1"}],"replies":[{"embeddable":true,"href":"https:\/\/passau.nightlines.eu\/en\/wp-json\/wp\/v2\/comments?post=628"}],"version-history":[{"count":5,"href":"https:\/\/passau.nightlines.eu\/en\/wp-json\/wp\/v2\/pages\/628\/revisions"}],"predecessor-version":[{"id":660,"href":"https:\/\/passau.nightlines.eu\/en\/wp-json\/wp\/v2\/pages\/628\/revisions\/660"}],"wp:attachment":[{"href":"https:\/\/passau.nightlines.eu\/en\/wp-json\/wp\/v2\/media?parent=628"}],"curies":[{"name":"wp","href":"https:\/\/api.w.org\/{rel}","templated":true}]}}