{"id":627,"date":"2025-10-16T09:40:38","date_gmt":"2025-10-16T07:40:38","guid":{"rendered":"https:\/\/passau.nightlines.eu\/?page_id=627"},"modified":"2025-10-16T10:14:41","modified_gmt":"2025-10-16T08:14:41","slug":"tt-team","status":"publish","type":"page","link":"https:\/\/passau.nightlines.eu\/en\/tt-team\/","title":{"rendered":"TT-Team"},"content":{"rendered":"<h2 class=\"wp-block-heading\"><strong>TT-Team<\/strong><\/h2>\n\n\n\n<div style=\"height:16px\" aria-hidden=\"true\" class=\"wp-block-spacer\"><\/div>\n\n\n\n<p>The <strong>TT Team (Telephone Service &amp; Team Building Team)<\/strong> takes care of everything related to <strong>Telefone-Duty<\/strong> \u2013 from <strong>shift scheduling <\/strong>and internal processes to <strong>team evenings<\/strong>. We ensure that everything <strong>runs smoothly <\/strong>and the <strong>team stays together<\/strong>.<br>If you enjoy <strong>organizing<\/strong>, <strong>keeping track of things<\/strong> and <strong>onnecting people<\/strong>, you'll find your home here. Join the TT Team and <strong>actively shape the team spirit at Nightline!<\/strong><\/p>\n\n\n\n<div style=\"height:16px\" aria-hidden=\"true\" class=\"wp-block-spacer\"><\/div>\n\n\n\n<hr class=\"wp-block-separator has-alpha-channel-opacity is-style-wide is-style-wide--1\"\/>\n\n\n\n<div style=\"height:16px\" aria-hidden=\"true\" class=\"wp-block-spacer\"><\/div>\n\n\n\n<p>You want to <strong><a href=\"https:\/\/passau.nightlines.eu\/en\/mitmachen\/\" data-type=\"page\" data-id=\"468\">join us <\/a><\/strong>and\/or have some <strong>questions?<\/strong><\/p>\n\n\n\n<div class=\"wp-block-group is-nowrap is-layout-flex wp-container-core-group-is-layout-12c3b6b2 wp-block-group-is-layout-flex\" style=\"padding-right:0;padding-left:0\">\n<div class=\"wp-block-group is-vertical is-layout-flex wp-container-core-group-is-layout-fe9cc265 wp-block-group-is-layout-flex\">\n<p>Write us an E-Mail at <strong><a href=\"mailto:passau@nightlines.eu\">passau@nightlines.eu<\/a><\/strong><\/p>\n\n\n\n<p>or reach out to us via <strong><a href=\"https:\/\/www.instagram.com\/nightlinepassau\/\">Instagram<\/a><\/strong>.<\/p>\n<\/div>\n\n\n\n<figure class=\"wp-block-image size-full is-resized\"><a href=\"https:\/\/www.instagram.com\/nightlinepassau\/\"><img loading=\"lazy\" decoding=\"async\" width=\"499\" height=\"499\" src=\"https:\/\/passau.nightlines.eu\/wp-content\/uploads\/2025\/06\/insta-removebg-preview1.png\" alt=\"\" class=\"wp-image-513\" style=\"width:133px;height:auto\" srcset=\"https:\/\/passau.nightlines.eu\/wp-content\/uploads\/2025\/06\/insta-removebg-preview1.png 499w, https:\/\/passau.nightlines.eu\/wp-content\/uploads\/2025\/06\/insta-removebg-preview1-300x300.png 300w, https:\/\/passau.nightlines.eu\/wp-content\/uploads\/2025\/06\/insta-removebg-preview1-150x150.png 150w\" sizes=\"auto, (max-width: 499px) 100vw, 499px\" \/><\/a><\/figure>\n<\/div>\n\n\n\n<div style=\"height:16px\" aria-hidden=\"true\" class=\"wp-block-spacer\"><\/div>","protected":false},"excerpt":{"rendered":"<p>TT-Team Das TT-Team (Telefondienst- &amp; Teambuilding-Team) k\u00fcmmert sich um alles rund um den Telefondienst \u2013 von der Schichtplanung \u00fcber interne Abl\u00e4ufe bis hin zu gemeinsamen Teamabenden. Wir sorgen daf\u00fcr, dass alles rund l\u00e4uft und das Team zusammenh\u00e4lt.Wenn du gerne organisierst, den \u00dcberblick beh\u00e4ltst und Spa\u00df daran hast, Menschen zu verbinden, findest du hier dein Zuhause. [&hellip;]<\/p>","protected":false},"author":1,"featured_media":0,"parent":0,"menu_order":0,"comment_status":"closed","ping_status":"closed","template":"page-large-header","meta":{"footnotes":""},"class_list":["post-627","page","type-page","status-publish","hentry"],"_links":{"self":[{"href":"https:\/\/passau.nightlines.eu\/en\/wp-json\/wp\/v2\/pages\/627","targetHints":{"allow":["GET"]}}],"collection":[{"href":"https:\/\/passau.nightlines.eu\/en\/wp-json\/wp\/v2\/pages"}],"about":[{"href":"https:\/\/passau.nightlines.eu\/en\/wp-json\/wp\/v2\/types\/page"}],"author":[{"embeddable":true,"href":"https:\/\/passau.nightlines.eu\/en\/wp-json\/wp\/v2\/users\/1"}],"replies":[{"embeddable":true,"href":"https:\/\/passau.nightlines.eu\/en\/wp-json\/wp\/v2\/comments?post=627"}],"version-history":[{"count":6,"href":"https:\/\/passau.nightlines.eu\/en\/wp-json\/wp\/v2\/pages\/627\/revisions"}],"predecessor-version":[{"id":658,"href":"https:\/\/passau.nightlines.eu\/en\/wp-json\/wp\/v2\/pages\/627\/revisions\/658"}],"wp:attachment":[{"href":"https:\/\/passau.nightlines.eu\/en\/wp-json\/wp\/v2\/media?parent=627"}],"curies":[{"name":"wp","href":"https:\/\/api.w.org\/{rel}","templated":true}]}}