{"id":625,"date":"2025-10-16T09:37:37","date_gmt":"2025-10-16T07:37:37","guid":{"rendered":"https:\/\/passau.nightlines.eu\/?page_id=625"},"modified":"2025-10-16T10:13:42","modified_gmt":"2025-10-16T08:13:42","slug":"pr-team","status":"publish","type":"page","link":"https:\/\/passau.nightlines.eu\/en\/pr-team\/","title":{"rendered":"PR-Team"},"content":{"rendered":"<h2 class=\"wp-block-heading\"><strong>PR-Team<\/strong><\/h2>\n\n\n\n<div style=\"height:16px\" aria-hidden=\"true\" class=\"wp-block-spacer\"><\/div>\n\n\n\n<p>The <strong>PR-Team <\/strong>ensures that students even know we exist! We design <strong>posters<\/strong>, manage our <strong>social media channels<\/strong> and plan <strong>campus events<\/strong>.<br><strong>Creative minds<\/strong>, who enjoy <strong>writing<\/strong>, <strong>design<\/strong> or planning public relations work are in the right place here. <strong>Help<\/strong>our Nightline <strong>raise awareness<\/strong> of Nightline and make students <strong>aware of our service!<\/strong><\/p>\n\n\n\n<div style=\"height:16px\" aria-hidden=\"true\" class=\"wp-block-spacer\"><\/div>\n\n\n\n<h4 class=\"wp-block-heading\"><strong>Public Relations<\/strong><\/h4>\n\n\n\n<div style=\"height:0px\" aria-hidden=\"true\" class=\"wp-block-spacer\"><\/div>\n\n\n\n<p>In <strong>Public Relations <\/strong>involves <strong>former Telephone-Duty members<\/strong>, who share their experiences with the public. They represent the Nightline at <strong>events, collaborations, and interviews <\/strong>, helping to <strong>raise awareness on campus and beyond<\/strong>.<br>If you <strong>are no longer active on the phone <\/strong>but would like to continue supporting the Nightline, this is your opportunity! Help raise awareness of our <strong>values \u200b\u200band our services!<\/strong><\/p>\n\n\n\n<div style=\"height:16px\" aria-hidden=\"true\" class=\"wp-block-spacer\"><\/div>\n\n\n\n<hr class=\"wp-block-separator has-alpha-channel-opacity is-style-wide is-style-wide--1\"\/>\n\n\n\n<div style=\"height:16px\" aria-hidden=\"true\" class=\"wp-block-spacer\"><\/div>\n\n\n\n<p>You want to <strong><a href=\"https:\/\/passau.nightlines.eu\/en\/mitmachen\/\" data-type=\"page\" data-id=\"468\">join us<\/a> <\/strong>and\/or have some <strong>questions?<\/strong><\/p>\n\n\n\n<div class=\"wp-block-group is-nowrap is-layout-flex wp-container-core-group-is-layout-12c3b6b2 wp-block-group-is-layout-flex\" style=\"padding-right:0;padding-left:0\">\n<div class=\"wp-block-group is-vertical is-layout-flex wp-container-core-group-is-layout-fe9cc265 wp-block-group-is-layout-flex\">\n<p>Write us an E-Mail at <strong><a href=\"mailto:passau@nightlines.eu\">passau@nightlines.eu<\/a><\/strong><\/p>\n\n\n\n<p>or reach out to us via <strong><a href=\"https:\/\/www.instagram.com\/nightlinepassau\/\">Instagram<\/a><\/strong>.<\/p>\n<\/div>\n\n\n\n<figure class=\"wp-block-image size-full is-resized\"><a href=\"https:\/\/www.instagram.com\/nightlinepassau\/\"><img loading=\"lazy\" decoding=\"async\" width=\"499\" height=\"499\" src=\"https:\/\/passau.nightlines.eu\/wp-content\/uploads\/2025\/06\/insta-removebg-preview1.png\" alt=\"\" class=\"wp-image-513\" style=\"width:133px;height:auto\" srcset=\"https:\/\/passau.nightlines.eu\/wp-content\/uploads\/2025\/06\/insta-removebg-preview1.png 499w, https:\/\/passau.nightlines.eu\/wp-content\/uploads\/2025\/06\/insta-removebg-preview1-300x300.png 300w, https:\/\/passau.nightlines.eu\/wp-content\/uploads\/2025\/06\/insta-removebg-preview1-150x150.png 150w\" sizes=\"auto, (max-width: 499px) 100vw, 499px\" \/><\/a><\/figure>\n<\/div>\n\n\n\n<div style=\"height:16px\" aria-hidden=\"true\" class=\"wp-block-spacer\"><\/div>","protected":false},"excerpt":{"rendered":"<p>PR-Team Das PR-Team sorgt daf\u00fcr, dass Studierende \u00fcberhaupt wissen, dass es uns gibt! Wir gestalten Plakate, betreuen unsere Social-Media-Kan\u00e4le und planen Aktionen auf dem Campus.Kreative K\u00f6pfe, die gerne schreiben, designen oder \u00d6ffentlichkeitsarbeit planen wollen, sind hier genau richtig. Hilf mit, die Nightline bekannter zu machen und Studierende auf unser Angebot aufmerksam zu machen! \u00d6ffentlichkeitsarbeit In [&hellip;]<\/p>","protected":false},"author":1,"featured_media":0,"parent":0,"menu_order":0,"comment_status":"closed","ping_status":"closed","template":"page-large-header","meta":{"footnotes":""},"class_list":["post-625","page","type-page","status-publish","hentry"],"_links":{"self":[{"href":"https:\/\/passau.nightlines.eu\/en\/wp-json\/wp\/v2\/pages\/625","targetHints":{"allow":["GET"]}}],"collection":[{"href":"https:\/\/passau.nightlines.eu\/en\/wp-json\/wp\/v2\/pages"}],"about":[{"href":"https:\/\/passau.nightlines.eu\/en\/wp-json\/wp\/v2\/types\/page"}],"author":[{"embeddable":true,"href":"https:\/\/passau.nightlines.eu\/en\/wp-json\/wp\/v2\/users\/1"}],"replies":[{"embeddable":true,"href":"https:\/\/passau.nightlines.eu\/en\/wp-json\/wp\/v2\/comments?post=625"}],"version-history":[{"count":7,"href":"https:\/\/passau.nightlines.eu\/en\/wp-json\/wp\/v2\/pages\/625\/revisions"}],"predecessor-version":[{"id":657,"href":"https:\/\/passau.nightlines.eu\/en\/wp-json\/wp\/v2\/pages\/625\/revisions\/657"}],"wp:attachment":[{"href":"https:\/\/passau.nightlines.eu\/en\/wp-json\/wp\/v2\/media?parent=625"}],"curies":[{"name":"wp","href":"https:\/\/api.w.org\/{rel}","templated":true}]}}