{"id":623,"date":"2025-10-16T09:33:10","date_gmt":"2025-10-16T07:33:10","guid":{"rendered":"https:\/\/passau.nightlines.eu\/?page_id=623"},"modified":"2025-10-16T10:07:11","modified_gmt":"2025-10-16T08:07:11","slug":"telefondienst","status":"publish","type":"page","link":"https:\/\/passau.nightlines.eu\/en\/telefondienst\/","title":{"rendered":"Telefone-Duty"},"content":{"rendered":"<h2 class=\"wp-block-heading\"><strong>Telefone-Duty<\/strong><\/h2>\n\n\n\n<div style=\"height:16px\" aria-hidden=\"true\" class=\"wp-block-spacer\"><\/div>\n\n\n\n<p>The <strong>Telefone-Duty <\/strong>is the <strong>heartpiece <\/strong>of the Nightline Passau. Here we listen to students, who need someone to talk to - <strong>anonymous, confidential and non-judgmental<\/strong>. Every shift means <strong>real conversations<\/strong>,<strong> honest listening <\/strong>and <strong>non-judgmental support<\/strong>.<br>If you <strong>like being there for others <\/strong>and want to learn, how to <strong>listen professionally<\/strong>, then you are exactly right here. Become <strong>part of our Telephone-Duty-Team <\/strong>and make a difference - <strong>call by call<\/strong>.<\/p>\n\n\n\n<div style=\"height:16px\" aria-hidden=\"true\" class=\"wp-block-spacer\"><\/div>\n\n\n\n<hr class=\"wp-block-separator has-alpha-channel-opacity is-style-wide is-style-wide--1\"\/>\n\n\n\n<div style=\"height:16px\" aria-hidden=\"true\" class=\"wp-block-spacer\"><\/div>\n\n\n\n<p>You want to <strong><a href=\"https:\/\/passau.nightlines.eu\/en\/mitmachen\/\" data-type=\"page\" data-id=\"468\">join us<\/a> <\/strong>and\/or have some <strong>questions?<\/strong><\/p>\n\n\n\n<div class=\"wp-block-group is-nowrap is-layout-flex wp-container-core-group-is-layout-12c3b6b2 wp-block-group-is-layout-flex\" style=\"padding-right:0;padding-left:0\">\n<div class=\"wp-block-group is-vertical is-layout-flex wp-container-core-group-is-layout-fe9cc265 wp-block-group-is-layout-flex\">\n<p>Write us an E-Mail at <strong><a href=\"mailto:passau@nightlines.eu\">passau@nightlines.eu<\/a><\/strong><\/p>\n\n\n\n<p>or reach out to us via <strong><a href=\"https:\/\/www.instagram.com\/nightlinepassau\/\">Instagram<\/a><\/strong>.<\/p>\n<\/div>\n\n\n\n<figure class=\"wp-block-image size-full is-resized\"><a href=\"https:\/\/www.instagram.com\/nightlinepassau\/\"><img loading=\"lazy\" decoding=\"async\" width=\"499\" height=\"499\" src=\"https:\/\/passau.nightlines.eu\/wp-content\/uploads\/2025\/06\/insta-removebg-preview1.png\" alt=\"\" class=\"wp-image-513\" style=\"width:133px;height:auto\" srcset=\"https:\/\/passau.nightlines.eu\/wp-content\/uploads\/2025\/06\/insta-removebg-preview1.png 499w, https:\/\/passau.nightlines.eu\/wp-content\/uploads\/2025\/06\/insta-removebg-preview1-300x300.png 300w, https:\/\/passau.nightlines.eu\/wp-content\/uploads\/2025\/06\/insta-removebg-preview1-150x150.png 150w\" sizes=\"auto, (max-width: 499px) 100vw, 499px\" \/><\/a><\/figure>\n<\/div>\n\n\n\n<div style=\"height:16px\" aria-hidden=\"true\" class=\"wp-block-spacer\"><\/div>","protected":false},"excerpt":{"rendered":"<p>Telefondienst Der Telefondienst ist das Herzst\u00fcck der Nightline Passau. Hier h\u00f6ren wir Studierenden zu, die jemanden zum Reden brauchen \u2013 anonym, vertraulich und wertfrei. Jede Schicht bedeutet echte Gespr\u00e4che, ehrliches Zuh\u00f6ren und urteilsfreie Unterst\u00fctzung.Wenn du gerne f\u00fcr andere da bist und lernen m\u00f6chtest, wie man professionell zuh\u00f6rt, dann bist du hier genau richtig. Werde Teil [&hellip;]<\/p>","protected":false},"author":1,"featured_media":0,"parent":0,"menu_order":0,"comment_status":"closed","ping_status":"closed","template":"page-large-header","meta":{"footnotes":""},"class_list":["post-623","page","type-page","status-publish","hentry"],"_links":{"self":[{"href":"https:\/\/passau.nightlines.eu\/en\/wp-json\/wp\/v2\/pages\/623","targetHints":{"allow":["GET"]}}],"collection":[{"href":"https:\/\/passau.nightlines.eu\/en\/wp-json\/wp\/v2\/pages"}],"about":[{"href":"https:\/\/passau.nightlines.eu\/en\/wp-json\/wp\/v2\/types\/page"}],"author":[{"embeddable":true,"href":"https:\/\/passau.nightlines.eu\/en\/wp-json\/wp\/v2\/users\/1"}],"replies":[{"embeddable":true,"href":"https:\/\/passau.nightlines.eu\/en\/wp-json\/wp\/v2\/comments?post=623"}],"version-history":[{"count":7,"href":"https:\/\/passau.nightlines.eu\/en\/wp-json\/wp\/v2\/pages\/623\/revisions"}],"predecessor-version":[{"id":656,"href":"https:\/\/passau.nightlines.eu\/en\/wp-json\/wp\/v2\/pages\/623\/revisions\/656"}],"wp:attachment":[{"href":"https:\/\/passau.nightlines.eu\/en\/wp-json\/wp\/v2\/media?parent=623"}],"curies":[{"name":"wp","href":"https:\/\/api.w.org\/{rel}","templated":true}]}}