{"id":468,"date":"2025-06-21T12:06:07","date_gmt":"2025-06-21T10:06:07","guid":{"rendered":"https:\/\/passau.nightlines.eu\/?page_id=468"},"modified":"2026-03-12T10:54:34","modified_gmt":"2026-03-12T09:54:34","slug":"mitmachen","status":"publish","type":"page","link":"https:\/\/passau.nightlines.eu\/en\/mitmachen\/","title":{"rendered":"Join us"},"content":{"rendered":"<h2 class=\"wp-block-heading has-system-font-font-family\"><strong>Join us<\/strong><\/h2>\n\n\n\n<div style=\"height:16px\" aria-hidden=\"true\" class=\"wp-block-spacer\"><\/div>\n\n\n\n<h3 class=\"wp-block-heading has-system-font-font-family\">You would like to get involved with Nightline yourself?<\/h3>\n\n\n\n<p>For our <strong>Telefone-Duty<\/strong> we are always looking for <strong>comitted students<\/strong>, who want to support the Nightline Passau. Not only in front of the <strong>phone<\/strong>, but also at <strong>organisation<\/strong>, <strong>PR-Team<\/strong>, <strong>Technical-Team<\/strong>, or for the <strong>planing of team meetings,<\/strong> we are always looking for help!<\/p>\n\n\n\n<p>Our <strong>training<\/strong> takes place in the <strong>summer- and wintersemester<\/strong> at a <strong>weekend aufter the first semester week.<\/strong> The <strong>nest training date<\/strong> ist listet below under <strong>Dates.<\/strong>. &nbsp;<\/p>\n\n\n\n<p>To be part of the team, you need to speak fluent German. Since everyone takes part in the Telefone-Duty and most calls are in German, it <strong>wouldn\u2019t really be possible to join without good German skills.<\/strong>!<\/p>\n\n\n\n<div style=\"height:16px\" aria-hidden=\"true\" class=\"wp-block-spacer\"><\/div>\n\n\n\n<hr class=\"wp-block-separator alignwide has-alpha-channel-opacity is-style-wide is-style-wide--1\"\/>\n\n\n\n<div style=\"height:16px\" aria-hidden=\"true\" class=\"wp-block-spacer\"><\/div>\n\n\n\n<h3 class=\"wp-block-heading has-system-font-font-family\">Upcoming Dates<\/h3>\n\n\n\n<div style=\"height:10px\" aria-hidden=\"true\" class=\"wp-block-spacer\"><\/div>\n\n\n\n<div class=\"wp-block-group is-content-justification-left is-layout-constrained wp-container-core-group-is-layout-dd8d351a wp-block-group-is-layout-constrained\" style=\"margin-top:0;margin-bottom:0;padding-right:0;padding-left:0\">\n<iframe loading=\"lazy\" src=\"https:\/\/calendar.google.com\/calendar\/embed?height=600&#038;wkst=2&#038;ctz=Europe%2FBerlin&#038;showPrint=0&#038;mode=AGENDA&#038;showTabs=0&#038;showCalendars=0&#038;showNav=0&#038;showTitle=0&#038;src=bmwucGFzc2F1QGdtYWlsLmNvbQ&#038;src=NDJjNGVhMmM5OTA0ODAyMWM1MmIzNjNmYmMzMzFkNWFkNjc5MTZkZmZhOGVlYTQ3ZjgyNjE5MGM1YmYyZjc2NUBncm91cC5jYWxlbmRhci5nb29nbGUuY29t&#038;color=%23039be5&#038;color=%2333b679\" style=\"border-width:0\" width=\"600\" height=\"600\" frameborder=\"0\" scrolling=\"no\"><\/iframe>\n<\/div>\n\n\n\n<div style=\"height:16px\" aria-hidden=\"true\" class=\"wp-block-spacer\"><\/div>\n\n\n\n<hr class=\"wp-block-separator alignwide has-alpha-channel-opacity is-style-wide is-style-wide--2\"\/>\n\n\n\n<div style=\"height:16px\" aria-hidden=\"true\" class=\"wp-block-spacer\"><\/div>\n\n\n\n<h3 class=\"wp-block-heading has-system-font-font-family\">Training registration:<\/h3>\n\n\n\n<div style=\"height:5px\" aria-hidden=\"true\" class=\"wp-block-spacer\"><\/div>\n\n\n\n<p>Die n\u00e4chste Schulung findet von <strong>15.05.26<\/strong> bis <strong>17.05.26<\/strong> statt.<\/p>\n\n\n\n<p>Hier geht es zum Anmeldung: <a href=\"https:\/\/limesurvey.nightlines.eu\/index.php\/874778?lang=de-informal\">https:\/\/limesurvey.nightlines.eu\/index.php\/874778?lang=de-informal<\/a><\/p>\n\n\n\n<div style=\"height:16px\" aria-hidden=\"true\" class=\"wp-block-spacer\"><\/div>\n\n\n\n<hr class=\"wp-block-separator alignwide has-alpha-channel-opacity is-style-wide is-style-wide--3\"\/>\n\n\n\n<div style=\"height:16px\" aria-hidden=\"true\" class=\"wp-block-spacer\"><\/div>\n\n\n\n<p>You still have some <strong>questions<\/strong>? You are not available at the <strong>upcoming training date<\/strong>, but still want to <strong>join<\/strong>?<\/p>\n\n\n\n<div class=\"wp-block-group is-nowrap is-layout-flex wp-container-core-group-is-layout-12c3b6b2 wp-block-group-is-layout-flex\" style=\"padding-right:0;padding-left:0\">\n<div class=\"wp-block-group is-vertical is-layout-flex wp-container-core-group-is-layout-fe9cc265 wp-block-group-is-layout-flex\">\n<p>Write us an E-Mail at <strong><a href=\"mailto:passau@nightlines.eu\">passau@nightlines.eu<\/a><\/strong><\/p>\n\n\n\n<p>or reach out to us via <strong><a href=\"https:\/\/www.instagram.com\/nightlinepassau\/\">Instagram<\/a><\/strong>.<\/p>\n<\/div>\n\n\n\n<figure class=\"wp-block-image size-full is-resized\"><a href=\"https:\/\/www.instagram.com\/nightlinepassau\/\"><img loading=\"lazy\" decoding=\"async\" width=\"499\" height=\"499\" src=\"https:\/\/passau.nightlines.eu\/wp-content\/uploads\/2025\/06\/insta-removebg-preview1.png\" alt=\"\" class=\"wp-image-513\" style=\"width:133px;height:auto\" srcset=\"https:\/\/passau.nightlines.eu\/wp-content\/uploads\/2025\/06\/insta-removebg-preview1.png 499w, https:\/\/passau.nightlines.eu\/wp-content\/uploads\/2025\/06\/insta-removebg-preview1-300x300.png 300w, https:\/\/passau.nightlines.eu\/wp-content\/uploads\/2025\/06\/insta-removebg-preview1-150x150.png 150w\" sizes=\"auto, (max-width: 499px) 100vw, 499px\" \/><\/a><\/figure>\n<\/div>\n\n\n\n<div style=\"height:16px\" aria-hidden=\"true\" class=\"wp-block-spacer\"><\/div>\n\n\n\n<hr class=\"wp-block-separator alignwide has-alpha-channel-opacity is-style-wide is-style-wide--4\"\/>\n\n\n\n<div style=\"height:16px\" aria-hidden=\"true\" class=\"wp-block-spacer\"><\/div>\n\n\n\n<h3 class=\"wp-block-heading has-system-font-font-family\">Our areas:<\/h3>\n\n\n\n<div class=\"wp-block-group is-layout-grid wp-container-core-group-is-layout-ec7266c7 wp-block-group-is-layout-grid\">\n<figure class=\"wp-block-image size-full\"><a href=\"https:\/\/passau.nightlines.eu\/en\/telefondienst\/\"><img loading=\"lazy\" decoding=\"async\" width=\"500\" height=\"500\" src=\"https:\/\/passau.nightlines.eu\/wp-content\/uploads\/2025\/06\/td4.png\" alt=\"\" class=\"wp-image-522\" srcset=\"https:\/\/passau.nightlines.eu\/wp-content\/uploads\/2025\/06\/td4.png 500w, https:\/\/passau.nightlines.eu\/wp-content\/uploads\/2025\/06\/td4-300x300.png 300w, https:\/\/passau.nightlines.eu\/wp-content\/uploads\/2025\/06\/td4-150x150.png 150w\" sizes=\"auto, (max-width: 500px) 100vw, 500px\" \/><\/a><\/figure>\n\n\n\n<figure class=\"wp-block-image size-full\"><a href=\"https:\/\/passau.nightlines.eu\/en\/pr-team\/\"><img loading=\"lazy\" decoding=\"async\" width=\"500\" height=\"500\" src=\"https:\/\/passau.nightlines.eu\/wp-content\/uploads\/2025\/06\/pr4.png\" alt=\"\" class=\"wp-image-525\" srcset=\"https:\/\/passau.nightlines.eu\/wp-content\/uploads\/2025\/06\/pr4.png 500w, https:\/\/passau.nightlines.eu\/wp-content\/uploads\/2025\/06\/pr4-300x300.png 300w, https:\/\/passau.nightlines.eu\/wp-content\/uploads\/2025\/06\/pr4-150x150.png 150w\" sizes=\"auto, (max-width: 500px) 100vw, 500px\" \/><\/a><\/figure>\n\n\n\n<figure class=\"wp-block-image size-full\"><a href=\"https:\/\/passau.nightlines.eu\/en\/tt-team\/\"><img loading=\"lazy\" decoding=\"async\" width=\"500\" height=\"500\" src=\"https:\/\/passau.nightlines.eu\/wp-content\/uploads\/2025\/06\/tb4.png\" alt=\"\" class=\"wp-image-523\" srcset=\"https:\/\/passau.nightlines.eu\/wp-content\/uploads\/2025\/06\/tb4.png 500w, https:\/\/passau.nightlines.eu\/wp-content\/uploads\/2025\/06\/tb4-300x300.png 300w, https:\/\/passau.nightlines.eu\/wp-content\/uploads\/2025\/06\/tb4-150x150.png 150w\" sizes=\"auto, (max-width: 500px) 100vw, 500px\" \/><\/a><\/figure>\n\n\n\n<figure class=\"wp-block-image size-full\"><a href=\"https:\/\/passau.nightlines.eu\/en\/schulungs-team\/\"><img loading=\"lazy\" decoding=\"async\" width=\"500\" height=\"500\" src=\"https:\/\/passau.nightlines.eu\/wp-content\/uploads\/2025\/06\/s4.png\" alt=\"\" class=\"wp-image-524\" srcset=\"https:\/\/passau.nightlines.eu\/wp-content\/uploads\/2025\/06\/s4.png 500w, https:\/\/passau.nightlines.eu\/wp-content\/uploads\/2025\/06\/s4-300x300.png 300w, https:\/\/passau.nightlines.eu\/wp-content\/uploads\/2025\/06\/s4-150x150.png 150w\" sizes=\"auto, (max-width: 500px) 100vw, 500px\" \/><\/a><\/figure>\n\n\n\n<figure class=\"wp-block-image size-full\"><a href=\"https:\/\/passau.nightlines.eu\/en\/technik-team\/\"><img loading=\"lazy\" decoding=\"async\" width=\"500\" height=\"500\" src=\"https:\/\/passau.nightlines.eu\/wp-content\/uploads\/2025\/06\/tt3.png\" alt=\"\" class=\"wp-image-521\" srcset=\"https:\/\/passau.nightlines.eu\/wp-content\/uploads\/2025\/06\/tt3.png 500w, https:\/\/passau.nightlines.eu\/wp-content\/uploads\/2025\/06\/tt3-300x300.png 300w, https:\/\/passau.nightlines.eu\/wp-content\/uploads\/2025\/06\/tt3-150x150.png 150w\" sizes=\"auto, (max-width: 500px) 100vw, 500px\" \/><\/a><\/figure>\n\n\n\n<p class=\"has-text-align-center wp-container-content-60fe94f5\"><strong><a href=\"https:\/\/passau.nightlines.eu\/en\/telefondienst\/\" data-type=\"page\" data-id=\"623\">Telefone-Duty<\/a><\/strong><\/p>\n\n\n\n<p class=\"has-text-align-center wp-container-content-ec55e6f3\"><strong><a href=\"https:\/\/passau.nightlines.eu\/en\/pr-team\/\" data-type=\"page\" data-id=\"625\">PR-Team<\/a><\/strong><\/p>\n\n\n\n<p class=\"has-text-align-center\"><strong><a href=\"https:\/\/passau.nightlines.eu\/en\/tt-team\/\" data-type=\"page\" data-id=\"627\">Team-Building<\/a><\/strong><\/p>\n\n\n\n<p class=\"has-text-align-center wp-container-content-ec55e6f3\"><strong><a href=\"https:\/\/passau.nightlines.eu\/en\/schulungs-team\/\" data-type=\"page\" data-id=\"628\">Training-Team<\/a><\/strong><\/p>\n\n\n\n<p class=\"has-text-align-center\"><strong><a href=\"https:\/\/passau.nightlines.eu\/en\/technik-team\/\" data-type=\"page\" data-id=\"629\">Technical-Team<\/a><\/strong><\/p>\n<\/div>","protected":false},"excerpt":{"rendered":"<p>Mitmachen Du m\u00f6chtest selbst bei der Nightline aktiv werden? F\u00fcr unseren Telefondienst sind wir nat\u00fcrlich immer auf der Suche nach engagierten Studis, die sich bei der Nightline Passau einbringen m\u00f6chten. Nicht nur am Telefon, sondern auch in der Organisation, im PR-Team, Technik-Team, oder f\u00fcr die Planung von Teamabenden werden immer helfende H\u00e4nde gesucht! Unsere Schulungen [&hellip;]<\/p>","protected":false},"author":1,"featured_media":0,"parent":0,"menu_order":0,"comment_status":"closed","ping_status":"closed","template":"page-large-header","meta":{"footnotes":""},"class_list":["post-468","page","type-page","status-publish","hentry"],"_links":{"self":[{"href":"https:\/\/passau.nightlines.eu\/en\/wp-json\/wp\/v2\/pages\/468","targetHints":{"allow":["GET"]}}],"collection":[{"href":"https:\/\/passau.nightlines.eu\/en\/wp-json\/wp\/v2\/pages"}],"about":[{"href":"https:\/\/passau.nightlines.eu\/en\/wp-json\/wp\/v2\/types\/page"}],"author":[{"embeddable":true,"href":"https:\/\/passau.nightlines.eu\/en\/wp-json\/wp\/v2\/users\/1"}],"replies":[{"embeddable":true,"href":"https:\/\/passau.nightlines.eu\/en\/wp-json\/wp\/v2\/comments?post=468"}],"version-history":[{"count":24,"href":"https:\/\/passau.nightlines.eu\/en\/wp-json\/wp\/v2\/pages\/468\/revisions"}],"predecessor-version":[{"id":676,"href":"https:\/\/passau.nightlines.eu\/en\/wp-json\/wp\/v2\/pages\/468\/revisions\/676"}],"wp:attachment":[{"href":"https:\/\/passau.nightlines.eu\/en\/wp-json\/wp\/v2\/media?parent=468"}],"curies":[{"name":"wp","href":"https:\/\/api.w.org\/{rel}","templated":true}]}}