{"id":466,"date":"2025-06-21T12:05:52","date_gmt":"2025-06-21T10:05:52","guid":{"rendered":"https:\/\/passau.nightlines.eu\/?page_id=466"},"modified":"2025-10-12T13:01:33","modified_gmt":"2025-10-12T11:01:33","slug":"impressum","status":"publish","type":"page","link":"https:\/\/passau.nightlines.eu\/en\/impressum\/","title":{"rendered":"Imprint"},"content":{"rendered":"<h2 class=\"wp-block-heading\">Imprint<\/h2>\n\n\n\n<div style=\"height:16px\" aria-hidden=\"true\" class=\"wp-block-spacer\"><\/div>\n\n\n\n<p><strong>Nightline Passau e.V.<\/strong><\/p>\n\n\n\n<p>Universit\u00e4t Passau<\/p>\n\n\n\n<p>Dr.-Hans-Kapfinger-Stra\u00dfe 30<\/p>\n\n\n\n<p>94032 Passau<\/p>\n\n\n\n<p><strong>Association register<\/strong>: VR 200955<\/p>\n\n\n\n<p><strong>Registration court:<\/strong> Passau District Court<\/p>\n\n\n\n<div style=\"height:16px\" aria-hidden=\"true\" class=\"wp-block-spacer\"><\/div>\n\n\n\n<p><strong>Represented by:<\/strong><\/p>\n\n\n\n<p>Christoph T\u00f6gel<\/p>\n\n\n\n<p><strong>Editorially responsible<\/strong>:<\/p>\n\n\n\n<p>Christoph T\u00f6gel<\/p>","protected":false},"excerpt":{"rendered":"<p>Impressum Nightline Passau e.V. Universit\u00e4t Passau Dr.-Hans-Kapfinger-Stra\u00dfe 30 94032 Passau Vereinsregister: VR 200955 Registergericht: Amtsgericht Passau Vertreten durch: Christoph T\u00f6gel Redaktionell verantwortlich: Christoph T\u00f6gel<\/p>","protected":false},"author":1,"featured_media":0,"parent":0,"menu_order":0,"comment_status":"closed","ping_status":"closed","template":"page-large-header","meta":{"footnotes":""},"class_list":["post-466","page","type-page","status-publish","hentry"],"_links":{"self":[{"href":"https:\/\/passau.nightlines.eu\/en\/wp-json\/wp\/v2\/pages\/466","targetHints":{"allow":["GET"]}}],"collection":[{"href":"https:\/\/passau.nightlines.eu\/en\/wp-json\/wp\/v2\/pages"}],"about":[{"href":"https:\/\/passau.nightlines.eu\/en\/wp-json\/wp\/v2\/types\/page"}],"author":[{"embeddable":true,"href":"https:\/\/passau.nightlines.eu\/en\/wp-json\/wp\/v2\/users\/1"}],"replies":[{"embeddable":true,"href":"https:\/\/passau.nightlines.eu\/en\/wp-json\/wp\/v2\/comments?post=466"}],"version-history":[{"count":8,"href":"https:\/\/passau.nightlines.eu\/en\/wp-json\/wp\/v2\/pages\/466\/revisions"}],"predecessor-version":[{"id":605,"href":"https:\/\/passau.nightlines.eu\/en\/wp-json\/wp\/v2\/pages\/466\/revisions\/605"}],"wp:attachment":[{"href":"https:\/\/passau.nightlines.eu\/en\/wp-json\/wp\/v2\/media?parent=466"}],"curies":[{"name":"wp","href":"https:\/\/api.w.org\/{rel}","templated":true}]}}